{"id":981,"date":"2022-02-16T15:58:12","date_gmt":"2022-02-16T15:58:12","guid":{"rendered":"https:\/\/www.kulhoniborasz.hu\/?page_id=981"},"modified":"2022-02-16T16:18:49","modified_gmt":"2022-02-16T16:18:49","slug":"hireink","status":"publish","type":"page","link":"https:\/\/www.kulhoniborasz.hu\/index.php\/hireink\/","title":{"rendered":"H\u00edreink"},"content":{"rendered":"\t\t<div data-elementor-type=\"wp-page\" data-elementor-id=\"981\" class=\"elementor elementor-981\">\n\t\t\t\t\t\t<section class=\"elementor-section elementor-top-section elementor-element elementor-element-ad71984 elementor-section-boxed elementor-section-height-default elementor-section-height-default\" data-id=\"ad71984\" data-element_type=\"section\" data-e-type=\"section\">\n\t\t\t\t\t\t<div class=\"elementor-container elementor-column-gap-default\">\n\t\t\t\t\t<div class=\"elementor-column elementor-col-100 elementor-top-column elementor-element elementor-element-56ef322\" data-id=\"56ef322\" data-element_type=\"column\" data-e-type=\"column\">\n\t\t\t<div class=\"elementor-widget-wrap elementor-element-populated\">\n\t\t\t\t\t\t<div class=\"elementor-element elementor-element-29f1941 elementor-grid-3 elementor-grid-tablet-2 elementor-grid-mobile-1 elementor-posts--thumbnail-top elementor-widget elementor-widget-posts\" data-id=\"29f1941\" data-element_type=\"widget\" data-e-type=\"widget\" data-settings=\"{&quot;classic_masonry&quot;:&quot;yes&quot;,&quot;classic_columns&quot;:&quot;3&quot;,&quot;classic_columns_tablet&quot;:&quot;2&quot;,&quot;classic_columns_mobile&quot;:&quot;1&quot;,&quot;classic_row_gap&quot;:{&quot;unit&quot;:&quot;px&quot;,&quot;size&quot;:35,&quot;sizes&quot;:[]},&quot;classic_row_gap_tablet&quot;:{&quot;unit&quot;:&quot;px&quot;,&quot;size&quot;:&quot;&quot;,&quot;sizes&quot;:[]},&quot;classic_row_gap_mobile&quot;:{&quot;unit&quot;:&quot;px&quot;,&quot;size&quot;:&quot;&quot;,&quot;sizes&quot;:[]}}\" data-widget_type=\"posts.classic\">\n\t\t\t\t<div class=\"elementor-widget-container\">\n\t\t\t\t\t\t\t<div class=\"elementor-posts-container elementor-posts elementor-posts--skin-classic elementor-grid\">\n\t\t\t\t<article class=\"elementor-post elementor-grid-item post-1294 post type-post status-publish format-standard has-post-thumbnail hentry category-egyeb\">\n\t\t\t\t<a class=\"elementor-post__thumbnail__link\" href=\"https:\/\/www.kulhoniborasz.hu\/index.php\/2022\/02\/22\/pinceszer-2019\/\" >\n\t\t\t<div class=\"elementor-post__thumbnail\"><img fetchpriority=\"high\" decoding=\"async\" width=\"768\" height=\"768\" src=\"https:\/\/www.kulhoniborasz.hu\/wp-content\/uploads\/2022\/02\/Pinceszer-2019-768x768.jpg\" class=\"attachment-medium_large size-medium_large wp-image-1296\" alt=\"\" srcset=\"https:\/\/www.kulhoniborasz.hu\/wp-content\/uploads\/2022\/02\/Pinceszer-2019-768x768.jpg 768w, https:\/\/www.kulhoniborasz.hu\/wp-content\/uploads\/2022\/02\/Pinceszer-2019-300x300.jpg 300w, https:\/\/www.kulhoniborasz.hu\/wp-content\/uploads\/2022\/02\/Pinceszer-2019-150x150.jpg 150w, https:\/\/www.kulhoniborasz.hu\/wp-content\/uploads\/2022\/02\/Pinceszer-2019.jpg 1000w\" sizes=\"(max-width: 768px) 100vw, 768px\" \/><\/div>\n\t\t<\/a>\n\t\t\t\t<div class=\"elementor-post__text\">\n\t\t\t\t<h3 class=\"elementor-post__title\">\n\t\t\t<a href=\"https:\/\/www.kulhoniborasz.hu\/index.php\/2022\/02\/22\/pinceszer-2019\/\" >\n\t\t\t\tPinceszer 2019\t\t\t<\/a>\n\t\t<\/h3>\n\t\t\t\t<div class=\"elementor-post__excerpt\">\n\t\t\t<p>A K\u00fclhoni Magyar Bor\u00e1szok Egyes\u00fclete 2019-ben a Duna Palot\u00e1ban rendezi meg nagyszab\u00e1s\u00fa, a K\u00e1rp\u00e1t-medence legjobb hat\u00e1ron t\u00fali magyar bor\u00e1szait felvonultat\u00f3 tal\u00e1lkoz\u00f3j\u00e1t. A &#8220;PINCESZER&#8221;<\/p>\n\t\t<\/div>\n\t\t\t\t\t<a class=\"elementor-post__read-more\" href=\"https:\/\/www.kulhoniborasz.hu\/index.php\/2022\/02\/22\/pinceszer-2019\/\" >\n\t\t\t\tTov\u00e1bb \u00bb\t\t\t<\/a>\n\t\t\t\t<\/div>\n\t\t\t\t<\/article>\n\t\t\t\t<article class=\"elementor-post elementor-grid-item post-978 post type-post status-publish format-standard has-post-thumbnail hentry category-hirek\">\n\t\t\t\t<a class=\"elementor-post__thumbnail__link\" href=\"https:\/\/www.kulhoniborasz.hu\/index.php\/2022\/02\/16\/osszetartozasunk-bora\/\" >\n\t\t\t<div class=\"elementor-post__thumbnail\"><img decoding=\"async\" width=\"300\" height=\"343\" src=\"https:\/\/www.kulhoniborasz.hu\/wp-content\/uploads\/2022\/02\/Osszetartozasunk-Bora.jpg\" class=\"attachment-medium_large size-medium_large wp-image-980\" alt=\"\" srcset=\"https:\/\/www.kulhoniborasz.hu\/wp-content\/uploads\/2022\/02\/Osszetartozasunk-Bora.jpg 300w, https:\/\/www.kulhoniborasz.hu\/wp-content\/uploads\/2022\/02\/Osszetartozasunk-Bora-262x300.jpg 262w\" sizes=\"(max-width: 300px) 100vw, 300px\" \/><\/div>\n\t\t<\/a>\n\t\t\t\t<div class=\"elementor-post__text\">\n\t\t\t\t<h3 class=\"elementor-post__title\">\n\t\t\t<a href=\"https:\/\/www.kulhoniborasz.hu\/index.php\/2022\/02\/16\/osszetartozasunk-bora\/\" >\n\t\t\t\t\u00d6sszetartoz\u00e1sunk Bora.\t\t\t<\/a>\n\t\t<\/h3>\n\t\t\t\t<div class=\"elementor-post__excerpt\">\n\t\t\t<p>Egy bor, amiben benne van az eg\u00e9sz K\u00e1rp\u00e1t-medence, minden cseppje m\u00e1s-m\u00e1s bor\u00e1sz \u00e9s borvid\u00e9k term\u00e9se. A b\u00e9kedikt\u00e1tum 100. \u00e9vfordul\u00f3j\u00e1ra elk\u00e9sz\u00fclt az \u00d6sszetartoz\u00e1sunk Bora.<\/p>\n\t\t<\/div>\n\t\t\t\t\t<a class=\"elementor-post__read-more\" href=\"https:\/\/www.kulhoniborasz.hu\/index.php\/2022\/02\/16\/osszetartozasunk-bora\/\" >\n\t\t\t\tTov\u00e1bb \u00bb\t\t\t<\/a>\n\t\t\t\t<\/div>\n\t\t\t\t<\/article>\n\t\t\t\t<\/div>\n\n\n\t\t\n\t\t\t\t\t\t<\/div>\n\t\t\t\t<\/div>\n\t\t\t\t\t<\/div>\n\t\t<\/div>\n\t\t\t\t\t<\/div>\n\t\t<\/section>\n\t\t\t\t<\/div>\n\t\t","protected":false},"excerpt":{"rendered":"","protected":false},"author":1,"featured_media":0,"parent":0,"menu_order":0,"comment_status":"closed","ping_status":"closed","template":"","meta":{"_acf_changed":false,"inline_featured_image":false,"site-sidebar-layout":"no-sidebar","site-content-layout":"page-builder","ast-site-content-layout":"default","site-content-style":"default","site-sidebar-style":"default","ast-global-header-display":"","ast-banner-title-visibility":"","ast-main-header-display":"","ast-hfb-above-header-display":"","ast-hfb-below-header-display":"","ast-hfb-mobile-header-display":"","site-post-title":"disabled","ast-breadcrumbs-content":"","ast-featured-img":"disabled","footer-sml-layout":"","ast-disable-related-posts":"","theme-transparent-header-meta":"","adv-header-id-meta":"","stick-header-meta":"","header-above-stick-meta":"","header-main-stick-meta":"","header-below-stick-meta":"","astra-migrate-meta-layouts":"default","ast-page-background-enabled":"default","ast-page-background-meta":{"desktop":{"background-color":"var(--ast-global-color-4)","background-image":"","background-repeat":"repeat","background-position":"center center","background-size":"auto","background-attachment":"scroll","background-type":"","background-media":"","overlay-type":"","overlay-color":"","overlay-opacity":"","overlay-gradient":""},"tablet":{"background-color":"","background-image":"","background-repeat":"repeat","background-position":"center center","background-size":"auto","background-attachment":"scroll","background-type":"","background-media":"","overlay-type":"","overlay-color":"","overlay-opacity":"","overlay-gradient":""},"mobile":{"background-color":"","background-image":"","background-repeat":"repeat","background-position":"center center","background-size":"auto","background-attachment":"scroll","background-type":"","background-media":"","overlay-type":"","overlay-color":"","overlay-opacity":"","overlay-gradient":""}},"ast-content-background-meta":{"desktop":{"background-color":"var(--ast-global-color-5)","background-image":"","background-repeat":"repeat","background-position":"center center","background-size":"auto","background-attachment":"scroll","background-type":"","background-media":"","overlay-type":"","overlay-color":"","overlay-opacity":"","overlay-gradient":""},"tablet":{"background-color":"var(--ast-global-color-5)","background-image":"","background-repeat":"repeat","background-position":"center center","background-size":"auto","background-attachment":"scroll","background-type":"","background-media":"","overlay-type":"","overlay-color":"","overlay-opacity":"","overlay-gradient":""},"mobile":{"background-color":"var(--ast-global-color-5)","background-image":"","background-repeat":"repeat","background-position":"center center","background-size":"auto","background-attachment":"scroll","background-type":"","background-media":"","overlay-type":"","overlay-color":"","overlay-opacity":"","overlay-gradient":""}},"footnotes":""},"class_list":["post-981","page","type-page","status-publish","hentry"],"acf":[],"_links":{"self":[{"href":"https:\/\/www.kulhoniborasz.hu\/index.php\/wp-json\/wp\/v2\/pages\/981","targetHints":{"allow":["GET"]}}],"collection":[{"href":"https:\/\/www.kulhoniborasz.hu\/index.php\/wp-json\/wp\/v2\/pages"}],"about":[{"href":"https:\/\/www.kulhoniborasz.hu\/index.php\/wp-json\/wp\/v2\/types\/page"}],"author":[{"embeddable":true,"href":"https:\/\/www.kulhoniborasz.hu\/index.php\/wp-json\/wp\/v2\/users\/1"}],"replies":[{"embeddable":true,"href":"https:\/\/www.kulhoniborasz.hu\/index.php\/wp-json\/wp\/v2\/comments?post=981"}],"version-history":[{"count":4,"href":"https:\/\/www.kulhoniborasz.hu\/index.php\/wp-json\/wp\/v2\/pages\/981\/revisions"}],"predecessor-version":[{"id":1027,"href":"https:\/\/www.kulhoniborasz.hu\/index.php\/wp-json\/wp\/v2\/pages\/981\/revisions\/1027"}],"wp:attachment":[{"href":"https:\/\/www.kulhoniborasz.hu\/index.php\/wp-json\/wp\/v2\/media?parent=981"}],"curies":[{"name":"wp","href":"https:\/\/api.w.org\/{rel}","templated":true}]}}