{"id":823,"date":"2022-02-15T17:26:21","date_gmt":"2022-02-15T17:26:21","guid":{"rendered":"https:\/\/www.kulhoniborasz.hu\/?page_id=823"},"modified":"2022-04-07T08:09:39","modified_gmt":"2022-04-07T08:09:39","slug":"pinceszer","status":"publish","type":"page","link":"https:\/\/www.kulhoniborasz.hu\/index.php\/pinceszer\/","title":{"rendered":"Pinceszer"},"content":{"rendered":"\t\t<div data-elementor-type=\"wp-page\" data-elementor-id=\"823\" class=\"elementor elementor-823\">\n\t\t\t\t\t\t<section class=\"elementor-section elementor-top-section elementor-element elementor-element-6112debd elementor-section-boxed elementor-section-height-default elementor-section-height-default\" data-id=\"6112debd\" data-element_type=\"section\" data-e-type=\"section\" data-settings=\"{&quot;background_background&quot;:&quot;classic&quot;}\">\n\t\t\t\t\t\t<div class=\"elementor-container elementor-column-gap-default\">\n\t\t\t\t\t<div class=\"elementor-column elementor-col-50 elementor-top-column elementor-element elementor-element-f592288\" data-id=\"f592288\" data-element_type=\"column\" data-e-type=\"column\">\n\t\t\t<div class=\"elementor-widget-wrap elementor-element-populated\">\n\t\t\t\t\t\t<div class=\"elementor-element elementor-element-6aa2d85b elementor-widget elementor-widget-image\" data-id=\"6aa2d85b\" data-element_type=\"widget\" data-e-type=\"widget\" data-widget_type=\"image.default\">\n\t\t\t\t<div class=\"elementor-widget-container\">\n\t\t\t\t\t\t\t\t\t\t\t\t\t\t\t<img fetchpriority=\"high\" decoding=\"async\" width=\"1024\" height=\"320\" src=\"https:\/\/www.kulhoniborasz.hu\/wp-content\/uploads\/2022\/02\/Pinceszer-2022-1024x320.png\" class=\"attachment-large size-large wp-image-929\" alt=\"\" srcset=\"https:\/\/www.kulhoniborasz.hu\/wp-content\/uploads\/2022\/02\/Pinceszer-2022-1024x320.png 1024w, https:\/\/www.kulhoniborasz.hu\/wp-content\/uploads\/2022\/02\/Pinceszer-2022-300x94.png 300w, https:\/\/www.kulhoniborasz.hu\/wp-content\/uploads\/2022\/02\/Pinceszer-2022-768x240.png 768w, https:\/\/www.kulhoniborasz.hu\/wp-content\/uploads\/2022\/02\/Pinceszer-2022-1536x480.png 1536w, https:\/\/www.kulhoniborasz.hu\/wp-content\/uploads\/2022\/02\/Pinceszer-2022.png 1920w\" sizes=\"(max-width: 1024px) 100vw, 1024px\" \/>\t\t\t\t\t\t\t\t\t\t\t\t\t\t\t<\/div>\n\t\t\t\t<\/div>\n\t\t\t\t<div class=\"elementor-element elementor-element-f8a8719 elementor-widget elementor-widget-heading\" data-id=\"f8a8719\" data-element_type=\"widget\" data-e-type=\"widget\" data-widget_type=\"heading.default\">\n\t\t\t\t<div class=\"elementor-widget-container\">\n\t\t\t\t\t<h2 class=\"elementor-heading-title elementor-size-default\">A k\u00fclhoni magyar bor\u00e1szok legnagyobb seregszeml\u00e9je.<\/h2>\t\t\t\t<\/div>\n\t\t\t\t<\/div>\n\t\t\t\t<div class=\"elementor-element elementor-element-545381d elementor-widget elementor-widget-heading\" data-id=\"545381d\" data-element_type=\"widget\" data-e-type=\"widget\" data-widget_type=\"heading.default\">\n\t\t\t\t<div class=\"elementor-widget-container\">\n\t\t\t\t\t<h2 class=\"elementor-heading-title elementor-size-default\">Budapest, Vajdahunyadv\u00e1r, 2022. m\u00e1jus 7.<\/h2>\t\t\t\t<\/div>\n\t\t\t\t<\/div>\n\t\t\t\t\t<\/div>\n\t\t<\/div>\n\t\t\t\t<div class=\"elementor-column elementor-col-50 elementor-top-column elementor-element elementor-element-27ed395\" data-id=\"27ed395\" data-element_type=\"column\" data-e-type=\"column\">\n\t\t\t<div class=\"elementor-widget-wrap elementor-element-populated\">\n\t\t\t\t\t\t<div class=\"elementor-element elementor-element-06cfde6 elementor-widget elementor-widget-image\" data-id=\"06cfde6\" data-element_type=\"widget\" data-e-type=\"widget\" data-widget_type=\"image.default\">\n\t\t\t\t<div class=\"elementor-widget-container\">\n\t\t\t\t\t\t\t\t\t\t\t\t\t\t\t<img decoding=\"async\" width=\"1024\" height=\"1024\" src=\"https:\/\/www.kulhoniborasz.hu\/wp-content\/uploads\/2022\/04\/PINCESZER_2022_facebook1-1_2000x2000px-1024x1024.jpg\" class=\"attachment-large size-large wp-image-1468\" alt=\"\" srcset=\"https:\/\/www.kulhoniborasz.hu\/wp-content\/uploads\/2022\/04\/PINCESZER_2022_facebook1-1_2000x2000px-1024x1024.jpg 1024w, https:\/\/www.kulhoniborasz.hu\/wp-content\/uploads\/2022\/04\/PINCESZER_2022_facebook1-1_2000x2000px-300x300.jpg 300w, https:\/\/www.kulhoniborasz.hu\/wp-content\/uploads\/2022\/04\/PINCESZER_2022_facebook1-1_2000x2000px-150x150.jpg 150w, https:\/\/www.kulhoniborasz.hu\/wp-content\/uploads\/2022\/04\/PINCESZER_2022_facebook1-1_2000x2000px-768x768.jpg 768w, https:\/\/www.kulhoniborasz.hu\/wp-content\/uploads\/2022\/04\/PINCESZER_2022_facebook1-1_2000x2000px-1536x1536.jpg 1536w, https:\/\/www.kulhoniborasz.hu\/wp-content\/uploads\/2022\/04\/PINCESZER_2022_facebook1-1_2000x2000px.jpg 2000w\" sizes=\"(max-width: 1024px) 100vw, 1024px\" \/>\t\t\t\t\t\t\t\t\t\t\t\t\t\t\t<\/div>\n\t\t\t\t<\/div>\n\t\t\t\t\t<\/div>\n\t\t<\/div>\n\t\t\t\t\t<\/div>\n\t\t<\/section>\n\t\t\t\t<section class=\"elementor-section elementor-top-section elementor-element elementor-element-89a00c7 elementor-section-boxed elementor-section-height-default elementor-section-height-default\" data-id=\"89a00c7\" data-element_type=\"section\" data-e-type=\"section\">\n\t\t\t\t\t\t<div class=\"elementor-container elementor-column-gap-default\">\n\t\t\t\t\t<div class=\"elementor-column elementor-col-50 elementor-top-column elementor-element elementor-element-5d0607f\" data-id=\"5d0607f\" data-element_type=\"column\" data-e-type=\"column\">\n\t\t\t<div class=\"elementor-widget-wrap elementor-element-populated\">\n\t\t\t\t\t\t<div class=\"elementor-element elementor-element-6533da3 elementor-widget elementor-widget-heading\" data-id=\"6533da3\" data-element_type=\"widget\" data-e-type=\"widget\" data-widget_type=\"heading.default\">\n\t\t\t\t<div class=\"elementor-widget-container\">\n\t\t\t\t\t<h2 class=\"elementor-heading-title elementor-size-default\">II. Pinceszer<\/h2>\t\t\t\t<\/div>\n\t\t\t\t<\/div>\n\t\t\t\t<div class=\"elementor-element elementor-element-d9c4c27 elementor-widget elementor-widget-heading\" data-id=\"d9c4c27\" data-element_type=\"widget\" data-e-type=\"widget\" data-widget_type=\"heading.default\">\n\t\t\t\t<div class=\"elementor-widget-container\">\n\t\t\t\t\t<h2 class=\"elementor-heading-title elementor-size-default\">A Pinceszer a K\u00e1rp\u00e1t-medence bor\u00e1szainak nyilv\u00e1nos k\u00f3stol\u00f3ja, melyen a borbar\u00e1tok\nmegismerkedhetnek a k\u00fclhoni magyar bor\u00e1szokkal \u00e9s boraikkal. Az els\u0151 Pinceszert 2019-ben\nrendezt\u00fck meg, t\u00f6bb mint 40 ki\u00e1ll\u00edt\u00f3val, az\u00f3ta sajnos a v\u00edrushelyzet nem tette lehet\u0151v\u00e9 az ism\u00e9tl\u00e9st.\nId\u00e9n azonban \u00fajra meghirdetj\u00fck a rendezv\u00e9nyt, ez\u00fattal a Mez\u0151gazdas\u00e1gi M\u00fazeum (\u201eVajdahunyad-\nv\u00e1r\u201d) \u00e9p\u00fclet\u00e9ben.<\/h2>\t\t\t\t<\/div>\n\t\t\t\t<\/div>\n\t\t\t\t<div class=\"elementor-element elementor-element-66a7849 elementor-widget-divider--view-line_text elementor-widget-divider--element-align-center elementor-widget elementor-widget-divider\" data-id=\"66a7849\" data-element_type=\"widget\" data-e-type=\"widget\" data-widget_type=\"divider.default\">\n\t\t\t\t<div class=\"elementor-widget-container\">\n\t\t\t\t\t\t\t<div class=\"elementor-divider\">\n\t\t\t<span class=\"elementor-divider-separator\">\n\t\t\t\t\t\t\t<span class=\"elementor-divider__text elementor-divider__element\">\n\t\t\t\tPinceszer 2022\t\t\t\t<\/span>\n\t\t\t\t\t\t<\/span>\n\t\t<\/div>\n\t\t\t\t\t\t<\/div>\n\t\t\t\t<\/div>\n\t\t\t\t<div class=\"elementor-element elementor-element-2c7496f elementor-widget elementor-widget-heading\" data-id=\"2c7496f\" data-element_type=\"widget\" data-e-type=\"widget\" data-widget_type=\"heading.default\">\n\t\t\t\t<div class=\"elementor-widget-container\">\n\t\t\t\t\t<h2 class=\"elementor-heading-title elementor-size-default\">Id\u0151pont: 2022. m\u00e1jus 7. (szombat), 11:00-20:00<\/h2>\t\t\t\t<\/div>\n\t\t\t\t<\/div>\n\t\t\t\t<div class=\"elementor-element elementor-element-42611d3 elementor-widget elementor-widget-heading\" data-id=\"42611d3\" data-element_type=\"widget\" data-e-type=\"widget\" data-widget_type=\"heading.default\">\n\t\t\t\t<div class=\"elementor-widget-container\">\n\t\t\t\t\t<h2 class=\"elementor-heading-title elementor-size-default\">Helysz\u00edn: Magyar Mez\u0151gazdas\u00e1gi M\u00fazeum, Budapest, XIV. V\u00e1rosliget, Vajdahunyadv\u00e1r<\/h2>\t\t\t\t<\/div>\n\t\t\t\t<\/div>\n\t\t\t\t<div class=\"elementor-element elementor-element-319b111 elementor-widget elementor-widget-heading\" data-id=\"319b111\" data-element_type=\"widget\" data-e-type=\"widget\" data-widget_type=\"heading.default\">\n\t\t\t\t<div class=\"elementor-widget-container\">\n\t\t\t\t\t<h2 class=\"elementor-heading-title elementor-size-default\">R\u00e9szletek hamarosan\u2026<\/h2>\t\t\t\t<\/div>\n\t\t\t\t<\/div>\n\t\t\t\t\t<\/div>\n\t\t<\/div>\n\t\t\t\t<div class=\"elementor-column elementor-col-50 elementor-top-column elementor-element elementor-element-0b47dac\" data-id=\"0b47dac\" data-element_type=\"column\" data-e-type=\"column\">\n\t\t\t<div class=\"elementor-widget-wrap elementor-element-populated\">\n\t\t\t\t\t\t<div class=\"elementor-element elementor-element-4760ad0 elementor-grid-1 elementor-grid-tablet-1 elementor-grid-mobile-1 elementor-posts--thumbnail-top elementor-widget elementor-widget-posts\" data-id=\"4760ad0\" data-element_type=\"widget\" data-e-type=\"widget\" data-settings=\"{&quot;classic_columns&quot;:&quot;1&quot;,&quot;classic_columns_tablet&quot;:&quot;1&quot;,&quot;classic_columns_mobile&quot;:&quot;1&quot;,&quot;classic_row_gap&quot;:{&quot;unit&quot;:&quot;px&quot;,&quot;size&quot;:35,&quot;sizes&quot;:[]},&quot;classic_row_gap_tablet&quot;:{&quot;unit&quot;:&quot;px&quot;,&quot;size&quot;:&quot;&quot;,&quot;sizes&quot;:[]},&quot;classic_row_gap_mobile&quot;:{&quot;unit&quot;:&quot;px&quot;,&quot;size&quot;:&quot;&quot;,&quot;sizes&quot;:[]}}\" data-widget_type=\"posts.classic\">\n\t\t\t\t<div class=\"elementor-widget-container\">\n\t\t\t\t\t\t\t<div class=\"elementor-posts-container elementor-posts elementor-posts--skin-classic elementor-grid\">\n\t\t\t\t<article class=\"elementor-post elementor-grid-item post-1294 post type-post status-publish format-standard has-post-thumbnail hentry category-egyeb\">\n\t\t\t\t<a class=\"elementor-post__thumbnail__link\" href=\"https:\/\/www.kulhoniborasz.hu\/index.php\/2022\/02\/22\/pinceszer-2019\/\" >\n\t\t\t<div class=\"elementor-post__thumbnail\"><img decoding=\"async\" width=\"300\" height=\"300\" src=\"https:\/\/www.kulhoniborasz.hu\/wp-content\/uploads\/2022\/02\/Pinceszer-2019-300x300.jpg\" class=\"attachment-medium size-medium wp-image-1296\" alt=\"\" srcset=\"https:\/\/www.kulhoniborasz.hu\/wp-content\/uploads\/2022\/02\/Pinceszer-2019-300x300.jpg 300w, https:\/\/www.kulhoniborasz.hu\/wp-content\/uploads\/2022\/02\/Pinceszer-2019-150x150.jpg 150w, https:\/\/www.kulhoniborasz.hu\/wp-content\/uploads\/2022\/02\/Pinceszer-2019-768x768.jpg 768w, https:\/\/www.kulhoniborasz.hu\/wp-content\/uploads\/2022\/02\/Pinceszer-2019.jpg 1000w\" sizes=\"(max-width: 300px) 100vw, 300px\" \/><\/div>\n\t\t<\/a>\n\t\t\t\t<div class=\"elementor-post__text\">\n\t\t\t\t<h3 class=\"elementor-post__title\">\n\t\t\t<a href=\"https:\/\/www.kulhoniborasz.hu\/index.php\/2022\/02\/22\/pinceszer-2019\/\" >\n\t\t\t\tPinceszer 2019\t\t\t<\/a>\n\t\t<\/h3>\n\t\t\t\t<div class=\"elementor-post__excerpt\">\n\t\t\t<p>A K\u00fclhoni Magyar Bor\u00e1szok Egyes\u00fclete 2019-ben a Duna Palot\u00e1ban rendezi meg nagyszab\u00e1s\u00fa, a K\u00e1rp\u00e1t-medence legjobb hat\u00e1ron t\u00fali magyar bor\u00e1szait felvonultat\u00f3 tal\u00e1lkoz\u00f3j\u00e1t. A &#8220;PINCESZER&#8221; &#8211; K\u00fclhoni<\/p>\n\t\t<\/div>\n\t\t\t\t\t<a class=\"elementor-post__read-more\" href=\"https:\/\/www.kulhoniborasz.hu\/index.php\/2022\/02\/22\/pinceszer-2019\/\" >\n\t\t\t\tTov\u00e1bb \u00bb\t\t\t<\/a>\n\t\t\t\t<\/div>\n\t\t\t\t<\/article>\n\t\t\t\t<\/div>\n\n\n\t\t\n\t\t\t\t\t\t<\/div>\n\t\t\t\t<\/div>\n\t\t\t\t\t<\/div>\n\t\t<\/div>\n\t\t\t\t\t<\/div>\n\t\t<\/section>\n\t\t\t\t<\/div>\n\t\t","protected":false},"excerpt":{"rendered":"<p>A k\u00fclhoni magyar bor\u00e1szok legnagyobb seregszeml\u00e9je. Budapest, Vajdahunyadv\u00e1r, 2022. m\u00e1jus 7. II. Pinceszer A Pinceszer a K\u00e1rp\u00e1t-medence bor\u00e1szainak nyilv\u00e1nos k\u00f3stol\u00f3ja, melyen a borbar\u00e1tok megismerkedhetnek a k\u00fclhoni magyar bor\u00e1szokkal \u00e9s boraikkal. Az els\u0151 Pinceszert 2019-ben rendezt\u00fck meg, t\u00f6bb mint 40 ki\u00e1ll\u00edt\u00f3val, az\u00f3ta sajnos a v\u00edrushelyzet nem tette lehet\u0151v\u00e9 az ism\u00e9tl\u00e9st. Id\u00e9n azonban \u00fajra meghirdetj\u00fck a rendezv\u00e9nyt, [&hellip;]<\/p>\n","protected":false},"author":1,"featured_media":0,"parent":0,"menu_order":0,"comment_status":"closed","ping_status":"closed","template":"","meta":{"_acf_changed":false,"inline_featured_image":false,"site-sidebar-layout":"no-sidebar","site-content-layout":"page-builder","ast-site-content-layout":"default","site-content-style":"default","site-sidebar-style":"default","ast-global-header-display":"","ast-banner-title-visibility":"","ast-main-header-display":"","ast-hfb-above-header-display":"","ast-hfb-below-header-display":"","ast-hfb-mobile-header-display":"","site-post-title":"disabled","ast-breadcrumbs-content":"","ast-featured-img":"disabled","footer-sml-layout":"","ast-disable-related-posts":"","theme-transparent-header-meta":"","adv-header-id-meta":"","stick-header-meta":"","header-above-stick-meta":"","header-main-stick-meta":"","header-below-stick-meta":"","astra-migrate-meta-layouts":"default","ast-page-background-enabled":"default","ast-page-background-meta":{"desktop":{"background-color":"var(--ast-global-color-4)","background-image":"","background-repeat":"repeat","background-position":"center center","background-size":"auto","background-attachment":"scroll","background-type":"","background-media":"","overlay-type":"","overlay-color":"","overlay-opacity":"","overlay-gradient":""},"tablet":{"background-color":"","background-image":"","background-repeat":"repeat","background-position":"center center","background-size":"auto","background-attachment":"scroll","background-type":"","background-media":"","overlay-type":"","overlay-color":"","overlay-opacity":"","overlay-gradient":""},"mobile":{"background-color":"","background-image":"","background-repeat":"repeat","background-position":"center center","background-size":"auto","background-attachment":"scroll","background-type":"","background-media":"","overlay-type":"","overlay-color":"","overlay-opacity":"","overlay-gradient":""}},"ast-content-background-meta":{"desktop":{"background-color":"var(--ast-global-color-5)","background-image":"","background-repeat":"repeat","background-position":"center center","background-size":"auto","background-attachment":"scroll","background-type":"","background-media":"","overlay-type":"","overlay-color":"","overlay-opacity":"","overlay-gradient":""},"tablet":{"background-color":"var(--ast-global-color-5)","background-image":"","background-repeat":"repeat","background-position":"center center","background-size":"auto","background-attachment":"scroll","background-type":"","background-media":"","overlay-type":"","overlay-color":"","overlay-opacity":"","overlay-gradient":""},"mobile":{"background-color":"var(--ast-global-color-5)","background-image":"","background-repeat":"repeat","background-position":"center center","background-size":"auto","background-attachment":"scroll","background-type":"","background-media":"","overlay-type":"","overlay-color":"","overlay-opacity":"","overlay-gradient":""}},"footnotes":""},"class_list":["post-823","page","type-page","status-publish","hentry"],"acf":[],"_links":{"self":[{"href":"https:\/\/www.kulhoniborasz.hu\/index.php\/wp-json\/wp\/v2\/pages\/823","targetHints":{"allow":["GET"]}}],"collection":[{"href":"https:\/\/www.kulhoniborasz.hu\/index.php\/wp-json\/wp\/v2\/pages"}],"about":[{"href":"https:\/\/www.kulhoniborasz.hu\/index.php\/wp-json\/wp\/v2\/types\/page"}],"author":[{"embeddable":true,"href":"https:\/\/www.kulhoniborasz.hu\/index.php\/wp-json\/wp\/v2\/users\/1"}],"replies":[{"embeddable":true,"href":"https:\/\/www.kulhoniborasz.hu\/index.php\/wp-json\/wp\/v2\/comments?post=823"}],"version-history":[{"count":83,"href":"https:\/\/www.kulhoniborasz.hu\/index.php\/wp-json\/wp\/v2\/pages\/823\/revisions"}],"predecessor-version":[{"id":1509,"href":"https:\/\/www.kulhoniborasz.hu\/index.php\/wp-json\/wp\/v2\/pages\/823\/revisions\/1509"}],"wp:attachment":[{"href":"https:\/\/www.kulhoniborasz.hu\/index.php\/wp-json\/wp\/v2\/media?parent=823"}],"curies":[{"name":"wp","href":"https:\/\/api.w.org\/{rel}","templated":true}]}}